{"id":71192,"date":"2024-01-30T01:37:03","date_gmt":"2024-01-30T04:37:03","guid":{"rendered":"https:\/\/cravabets.com\/?page_id=71192"},"modified":"2024-07-17T22:07:03","modified_gmt":"2024-07-18T01:07:03","slug":"homepage","status":"publish","type":"page","link":"https:\/\/cravabets.com\/es\/","title":{"rendered":"Homepage"},"content":{"rendered":"<p>O site de apostas online Cravabets.com oferece o que h\u00e1 de melhor no mundo dos jogos de cassino online. Cravabets e seus jogos, n\u00e3o s\u00e3o meios de investimento ou qualquer meio de capitaliza\u00e7\u00e3o.<br \/>\nJogue com consci\u00eancia, e responsabilidade.<\/p>","protected":false},"excerpt":{"rendered":"<p>O site de apostas online Cravabets.com oferece o que h\u00e1 de melhor no mundo dos jogos de cassino online. Cravabets [&hellip;]<\/p>\n","protected":false},"author":1,"featured_media":0,"parent":0,"menu_order":0,"comment_status":"closed","ping_status":"closed","template":"templates\/modelo-destaque-jogos.php","meta":{"_acf_changed":false,"inline_featured_image":false,"footnotes":""},"class_list":["post-71192","page","type-page","status-publish","hentry"],"acf":[],"_links":{"self":[{"href":"https:\/\/cravabets.com\/es\/wp-json\/wp\/v2\/pages\/71192","targetHints":{"allow":["GET"]}}],"collection":[{"href":"https:\/\/cravabets.com\/es\/wp-json\/wp\/v2\/pages"}],"about":[{"href":"https:\/\/cravabets.com\/es\/wp-json\/wp\/v2\/types\/page"}],"author":[{"embeddable":true,"href":"https:\/\/cravabets.com\/es\/wp-json\/wp\/v2\/users\/1"}],"replies":[{"embeddable":true,"href":"https:\/\/cravabets.com\/es\/wp-json\/wp\/v2\/comments?post=71192"}],"version-history":[{"count":48,"href":"https:\/\/cravabets.com\/es\/wp-json\/wp\/v2\/pages\/71192\/revisions"}],"predecessor-version":[{"id":76163,"href":"https:\/\/cravabets.com\/es\/wp-json\/wp\/v2\/pages\/71192\/revisions\/76163"}],"wp:attachment":[{"href":"https:\/\/cravabets.com\/es\/wp-json\/wp\/v2\/media?parent=71192"}],"curies":[{"name":"wp","href":"https:\/\/api.w.org\/{rel}","templated":true}]}}